{"id":91,"date":"2017-02-21T17:43:44","date_gmt":"2017-02-21T17:43:44","guid":{"rendered":"http:\/\/analisisespacial.pcyt.unam.mx\/?page_id=91"},"modified":"2025-04-10T12:31:35","modified_gmt":"2025-04-10T18:31:35","slug":"rrioja-2","status":"publish","type":"page","link":"https:\/\/analisisespacial.pcyt.unam.mx\/index.php\/rrioja-2\/","title":{"rendered":"Dr. Rodolfo Rioja Nieto"},"content":{"rendered":"<table>\n<tbody>\n<tr>\n<td colspan=\"2\" align=\"center\"><img loading=\"lazy\" decoding=\"async\" class=\"alignnone size-full wp-image-558\" src=\"\/cms\/wp-content\/uploads\/2025\/04\/RodolfoRioja2.jpeg\" alt=\"Rodolfo Rioja\" width=\"220\" height=\"206\" \/><\/td>\n<\/tr>\n<tr>\n<td align=\"right\"><strong>Tel\u00e9fono<\/strong><\/td>\n<td>999 341 0860 ext 7617<br \/>\n019889311000 ext 7133<\/td>\n<\/tr>\n<tr>\n<td align=\"right\"><strong>correo electr\u00f3nico<\/strong><\/td>\n<td>rrioja@ciencias.unam.mx<\/td>\n<\/tr>\n<tr>\n<td style=\"text-align: justify;\" colspan=\"2\"><strong>Semblanza<\/strong><\/p>\n<p class=\"p1\">Curs\u00f3 estudios de licenciatura en Biolog\u00eda y la Maestr\u00eda en Ciencias del Mar y Limnolog\u00eda en la UNAM. Posteriormente realiz\u00f3 estudios de doctorado en la Universidad de Warwick, en el Reino Unido. Durante su trayectoria acad\u00e9mica se ha desempe\u00f1ado como consultor de la Comisi\u00f3n Nacional de \u00c1reas Naturales Protegidas (CONANP), profesor adjunto de la Universidad de Boston y profesor-investigador en la School for Field Studies en las sedes de M\u00e9xico y Turk y Caicos. En febrero del a\u00f1o 2010 ingres\u00f3 a la Unidad Multidisciplinaria de Docencia e Investigaci\u00f3n-Sisal, Facultad de Ciencias. Actualmente, es profesor de carrera Titular B de Tiempo Completo y miembro del Sistema Nacional de Investigadores e Investigadoras con el Nivel II. Es responsable del Laboratorio de An\u00e1lisis Espacial de Zonas Costeras (COSTALAB), donde desarrolla investigaci\u00f3n en ecolog\u00eda y din\u00e1mica espacio-temporal del paisaje en bosques de manglar y sistemas arrecifales mediante Sistemas de Informaci\u00f3n Geogr\u00e1fica y sensores remotos, con particular enfoque en \u00e1reas protegidas marinas y costeras. Recientemente ha incorporado t\u00e9cnicas de fotogrametr\u00eda digital en 3D en el estudio de arrecifes coralinos. Imparte cursos de licenciatura y de posgrado en Ecolog\u00eda, Percepci\u00f3n Remota y Conservaci\u00f3n de la Biodiversidad y participa como tutor en posgrados de la UNAM y de otras instituciones del pa\u00eds, dirigiendo trabajos de tesis de licenciatura, maestr\u00eda y doctorado.<\/p>\n<\/td>\n<\/tr>\n<tr>\n<td style=\"text-align: justify;\" colspan=\"2\"><strong>L\u00edneas de Investigaci\u00f3n<\/strong><\/p>\n<ol>\n<li style=\"list-style-type: none;\">\n<ol>\n<li style=\"list-style-type: none;\">\n<ol>\n<li>Ecolog\u00eda y din\u00e1mica espacio-temporal de bosques de manglar y sistemas arrecifales mediante SIG y Sensores Remotos, con particular enfoque en \u00c1reas Naturales Protegidas.<\/li>\n<li>Uso de plataformas a\u00e9reas no tripuladas para la caracterizaci\u00f3n y monitoreo de ecosistemas costeros.<\/li>\n<li>Caracterizaci\u00f3n de atributos ecol\u00f3gicos de arrecifes coralinos mediante el uso de fotogrametr\u00eda digital en 3D.<\/li>\n<\/ol>\n<\/li>\n<\/ol>\n<\/li>\n<\/ol>\n<\/td>\n<\/tr>\n<tr>\n<td style=\"text-align: justify;\" colspan=\"2\"><strong>Proyectos de investigaci\u00f3n financiados<\/strong><\/p>\n<ol>\n<li style=\"list-style-type: none;\">\n<ol>\n<li style=\"list-style-type: none;\">\n<ol>\n<li>Persistencia y Vulnerabilidad de Servicios Ambientales en Ecosistemas Costeros. C\u00e1tedras CONACyT.<\/li>\n<li>Din\u00e1mica de los presupuestos de carbonato arrecifal, grado de perturbaci\u00f3n y priorizaci\u00f3n sistem\u00e1tica en un sistema arrecifal remoto del Golfo de M\u00e9xico. PAPIIT IG201323.<\/li>\n<li>Elaboraci\u00f3n de manual y videos tutoriales para el desarrollo de habilidades en la implementaci\u00f3n de nuevas tecnolog\u00edas espacialmente expl\u00edcitas para la caracterizaci\u00f3n y monitoreo de ecosistemas costeros. PAPIME PE109523.<\/li>\n<\/ol>\n<\/li>\n<\/ol>\n<\/li>\n<\/ol>\n<\/td>\n<\/tr>\n<tr>\n<td colspan=\"2\"><strong>Estudiantes graduados<\/strong><\/p>\n<ul>\n<li style=\"list-style-type: none;\">\n<ul>\n<li style=\"list-style-type: none;\">\n<ul>\n<li>Erick Barrera Falc\u00f3n. Doctorado. 2023. PCMyL, UNAM.<\/li>\n<li>Daniela Montserrat Rojas Cano. Maestria. 2023. PCMyL, UNAM.<\/li>\n<li>Fernanda Medina Navarrete.2022. Licenciatura, UNAM.<\/li>\n<li>H\u00e9ctor Ricardo S\u00e1nchez Jim\u00e9nez. Maestria. 2021. PCMyL, UNAM.<\/li>\n<li>Laura Angelica Ni\u00f1o Torres. Maestria. 2020. PCMyL, UNAM.<\/li>\n<li>Angela Karina Ortiz Cajica. Maestria 2019. PCMyL, UNAM.<\/li>\n<li>Blanca Castellanos Basto. Maestr\u00eda. 2018. PCMyL, UNAM.<\/li>\n<li>Carlos Cruz V\u00e1zquez. Maestr\u00eda. 2017. PCMyL, UNAM.<\/li>\n<li>Ces\u00e1reo Ru\u00edz Escamilla. Maestr\u00eda. 2017. CentroGeo.<\/li>\n<li>Evelyn Susana Garc\u00eda Nu\u00f1ez. 2017. Licenciatura. LMSZC, UNAM.<\/li>\n<li>Donaji Valeria Mart\u00ednez Amador Miranda. 2016. Licenciatura. LMSZC, UNAM.<\/li>\n<li>Arantxa Zamora Rend\u00f3n. 2016. Licenciatura. Biolog\u00eda, UNAM.<\/li>\n<li>Leslie Mariana Ponce de Le\u00f3n Arizmendi. 2016. Licenciatura. Arquitectura del paisaje, UNAM.<\/li>\n<li>Erick Barrera Falc\u00f3n. 2016. Maestr\u00eda. PCMyL, UNAM.<\/li>\n<li>Carlos Cruz V\u00e1zquez. 2013. Licenciatura. Biolog\u00eda, UNAM.<\/li>\n<li>Juan Antonio Moreno Ruiz. 2013. Licenciatura. LMSZC, UNAM.<\/li>\n<\/ul>\n<\/li>\n<\/ul>\n<\/li>\n<\/ul>\n<\/td>\n<\/tr>\n<tr>\n<td colspan=\"2\"><strong>Estancias Postdoctorales<\/strong><\/p>\n<ul>\n<li style=\"list-style-type: none;\">\n<ul>\n<li style=\"list-style-type: none;\">\n<ul>\n<li>Estancia Posdoctoral Dr. Francisco de Jesus Guerra Mart\u00ednez. UNAM\/DGAPA (2024-2025).<\/li>\n<\/ul>\n<\/li>\n<\/ul>\n<\/li>\n<\/ul>\n<\/td>\n<\/tr>\n<\/tbody>\n<\/table>\n","protected":false},"excerpt":{"rendered":"<p>Tel\u00e9fono 999 341 0860 ext 7617 019889311000 ext 7133 correo electr\u00f3nico rrioja@ciencias.unam.mx Semblanza Curs\u00f3 estudios de licenciatura en Biolog\u00eda y la Maestr\u00eda en Ciencias del Mar y Limnolog\u00eda en la UNAM. Posteriormente realiz\u00f3 estudios de doctorado en la Universidad de Warwick, en el Reino Unido. Durante su trayectoria acad\u00e9mica se ha desempe\u00f1ado como consultor de &hellip; <\/p>\n<p class=\"link-more\"><a href=\"https:\/\/analisisespacial.pcyt.unam.mx\/index.php\/rrioja-2\/\" class=\"more-link\">Continuar leyendo<span class=\"screen-reader-text\"> \u00abDr. Rodolfo Rioja Nieto\u00bb<\/span><\/a><\/p>\n","protected":false},"author":3,"featured_media":0,"parent":0,"menu_order":0,"comment_status":"closed","ping_status":"closed","template":"","meta":{"footnotes":""},"class_list":["post-91","page","type-page","status-publish","hentry"],"_links":{"self":[{"href":"https:\/\/analisisespacial.pcyt.unam.mx\/index.php\/wp-json\/wp\/v2\/pages\/91","targetHints":{"allow":["GET"]}}],"collection":[{"href":"https:\/\/analisisespacial.pcyt.unam.mx\/index.php\/wp-json\/wp\/v2\/pages"}],"about":[{"href":"https:\/\/analisisespacial.pcyt.unam.mx\/index.php\/wp-json\/wp\/v2\/types\/page"}],"author":[{"embeddable":true,"href":"https:\/\/analisisespacial.pcyt.unam.mx\/index.php\/wp-json\/wp\/v2\/users\/3"}],"replies":[{"embeddable":true,"href":"https:\/\/analisisespacial.pcyt.unam.mx\/index.php\/wp-json\/wp\/v2\/comments?post=91"}],"version-history":[{"count":49,"href":"https:\/\/analisisespacial.pcyt.unam.mx\/index.php\/wp-json\/wp\/v2\/pages\/91\/revisions"}],"predecessor-version":[{"id":570,"href":"https:\/\/analisisespacial.pcyt.unam.mx\/index.php\/wp-json\/wp\/v2\/pages\/91\/revisions\/570"}],"wp:attachment":[{"href":"https:\/\/analisisespacial.pcyt.unam.mx\/index.php\/wp-json\/wp\/v2\/media?parent=91"}],"curies":[{"name":"wp","href":"https:\/\/api.w.org\/{rel}","templated":true}]}}