{"id":9,"date":"2017-02-13T18:56:20","date_gmt":"2017-02-13T18:56:20","guid":{"rendered":"http:\/\/analisisespacial.pcyt.unam.mx\/?page_id=9"},"modified":"2025-03-31T13:24:14","modified_gmt":"2025-03-31T19:24:14","slug":"proyectos","status":"publish","type":"page","link":"https:\/\/analisisespacial.pcyt.unam.mx\/index.php\/proyectos\/","title":{"rendered":"Contacto"},"content":{"rendered":"<p>Dr. Rodolfo Rioja Nieto<br \/>\nTel. 999 3410860 ext 7617<br \/>\nTel. 999 3410868<br \/>\nemail. rrioja@ciencias.unam.mx<\/p>\n<p><strong>Direcci\u00f3n<\/strong><\/p>\n<p class=\"p1\"><span class=\"s1\">El laboratorio se encuentra ubicado en la sede Parque Cient\u00edfico y Tecnol\u00f3gico de Yucat\u00e1n, UMDI-Sisal<\/span>.<\/p>\n<p>Tablaje Catastral 34338. Km 5.5<br \/>\nCarretera Sierra Papacal<br \/>\nChuburn\u00e1 Puerto C.P. 97302<br \/>\nSierra Papacal, M\u00e9rida, Yucat\u00e1n, M\u00e9xico<\/p>\n","protected":false},"excerpt":{"rendered":"<p>Dr. Rodolfo Rioja Nieto Tel. 999 3410860 ext 7617 Tel. 999 3410868 email. rrioja@ciencias.unam.mx Direcci\u00f3n El laboratorio se encuentra ubicado en la sede Parque Cient\u00edfico y Tecnol\u00f3gico de Yucat\u00e1n, UMDI-Sisal. Tablaje Catastral 34338. Km 5.5 Carretera Sierra Papacal Chuburn\u00e1 Puerto C.P. 97302 Sierra Papacal, M\u00e9rida, Yucat\u00e1n, M\u00e9xico<\/p>\n","protected":false},"author":1,"featured_media":0,"parent":0,"menu_order":0,"comment_status":"closed","ping_status":"closed","template":"","meta":{"footnotes":""},"class_list":["post-9","page","type-page","status-publish","hentry"],"_links":{"self":[{"href":"https:\/\/analisisespacial.pcyt.unam.mx\/index.php\/wp-json\/wp\/v2\/pages\/9","targetHints":{"allow":["GET"]}}],"collection":[{"href":"https:\/\/analisisespacial.pcyt.unam.mx\/index.php\/wp-json\/wp\/v2\/pages"}],"about":[{"href":"https:\/\/analisisespacial.pcyt.unam.mx\/index.php\/wp-json\/wp\/v2\/types\/page"}],"author":[{"embeddable":true,"href":"https:\/\/analisisespacial.pcyt.unam.mx\/index.php\/wp-json\/wp\/v2\/users\/1"}],"replies":[{"embeddable":true,"href":"https:\/\/analisisespacial.pcyt.unam.mx\/index.php\/wp-json\/wp\/v2\/comments?post=9"}],"version-history":[{"count":10,"href":"https:\/\/analisisespacial.pcyt.unam.mx\/index.php\/wp-json\/wp\/v2\/pages\/9\/revisions"}],"predecessor-version":[{"id":501,"href":"https:\/\/analisisespacial.pcyt.unam.mx\/index.php\/wp-json\/wp\/v2\/pages\/9\/revisions\/501"}],"wp:attachment":[{"href":"https:\/\/analisisespacial.pcyt.unam.mx\/index.php\/wp-json\/wp\/v2\/media?parent=9"}],"curies":[{"name":"wp","href":"https:\/\/api.w.org\/{rel}","templated":true}]}}