{"id":8,"date":"2017-02-13T18:56:20","date_gmt":"2017-02-13T18:56:20","guid":{"rendered":"http:\/\/analisisespacial.pcyt.unam.mx\/?page_id=8"},"modified":"2025-12-05T10:37:22","modified_gmt":"2025-12-05T16:37:22","slug":"noticias","status":"publish","type":"page","link":"https:\/\/analisisespacial.pcyt.unam.mx\/index.php\/noticias\/","title":{"rendered":"Noticias"},"content":{"rendered":"<table border=\"0\" align=\"center\">\n<tbody>\n<tr>\n<td style=\"width: 30%;\">\n<p class=\"p1\"><strong>Manual para el uso de drones y fotogrametr\u00eda digital para la caracterizaci\u00f3n y monitoreo de ecosistemas costeros<\/strong><\/p>\n<\/td>\n<td style=\"width: 70%;\" align=\"center\">\n<a href=\"https:\/\/analisisespacial.pcyt.unam.mx\/cms\/wp-content\/uploads\/2025\/12\/2025_Libro-dronesfotog_Rioja_etal.pdf\"><br \/>\n<img loading=\"lazy\" decoding=\"async\" class=\" wp-image-587\" src=\"https:\/\/analisisespacial.pcyt.unam.mx\/cms\/wp-content\/uploads\/2025\/12\/manualusodrones.jpg\" alt=\"Manual uso Drones\" width=\"208\" height=\"209\" srcset=\"https:\/\/analisisespacial.pcyt.unam.mx\/cms\/wp-content\/uploads\/2025\/12\/manualusodrones.jpg 300w, https:\/\/analisisespacial.pcyt.unam.mx\/cms\/wp-content\/uploads\/2025\/12\/manualusodrones-150x150.jpg 150w, https:\/\/analisisespacial.pcyt.unam.mx\/cms\/wp-content\/uploads\/2025\/12\/manualusodrones-100x100.jpg 100w\" sizes=\"auto, (max-width: 208px) 100vw, 208px\" \/><\/a><\/td>\n<\/tr>\n<tr>\n<td style=\"width: 30%;\">\n<p class=\"p1\"><strong><span class=\"s1\"><a href=\"https:\/\/www.lajornadamaya.mx\/opinion\/248610\/avances-en-la-gobernanza-de-las-areas-naturales-protegidas-en-el-golfo-de-mexico-conanp\">Avances en la gobernanza de las \u00e1reas naturales protegidas en el Golfo de M\u00e9xico <\/a><\/span><\/strong><\/p>\n<\/td>\n<td style=\"width: 70%;\" align=\"center\"><a href=\"https:\/\/www.lajornadamaya.mx\/opinion\/248610\/avances-en-la-gobernanza-de-las-areas-naturales-protegidas-en-el-golfo-de-mexico-conanp\"><img loading=\"lazy\" decoding=\"async\" class=\"size-medium wp-image-577\" src=\"\/cms\/wp-content\/uploads\/2025\/06\/fscostalabunam-300x169.webp\" alt=\"Foto: Rodolfo Rioja\" width=\"300\" height=\"169\" srcset=\"https:\/\/analisisespacial.pcyt.unam.mx\/cms\/wp-content\/uploads\/2025\/06\/fscostalabunam-300x169.webp 300w, https:\/\/analisisespacial.pcyt.unam.mx\/cms\/wp-content\/uploads\/2025\/06\/fscostalabunam-1024x576.webp 1024w, https:\/\/analisisespacial.pcyt.unam.mx\/cms\/wp-content\/uploads\/2025\/06\/fscostalabunam-768x432.webp 768w, https:\/\/analisisespacial.pcyt.unam.mx\/cms\/wp-content\/uploads\/2025\/06\/fscostalabunam-1536x864.webp 1536w, https:\/\/analisisespacial.pcyt.unam.mx\/cms\/wp-content\/uploads\/2025\/06\/fscostalabunam.webp 1920w\" sizes=\"auto, (max-width: 300px) 100vw, 300px\" \/><\/a><\/p>\n<p style=\"font-size: 15px;\" align=\"right\">Foto: Rodolfo Rioja<\/p>\n<\/td>\n<\/tr>\n<tr>\n<td style=\"width: 30%;\">\n<p class=\"p1\"><strong><span class=\"s1\"> UNAM crea proyecto para la conservacio\u0301n de la costa en la Peni\u0301nsula de Yucata\u0301n UNAM Global <\/span><\/strong><\/p>\n<\/td>\n<td style=\"width: 70%;\"><iframe loading=\"lazy\" title=\"YouTube video player\" src=\"https:\/\/www.youtube.com\/embed\/95N8b_wsJjU?si=0oRF6SNXXHFN0eCv\" width=\"560\" height=\"315\" frameborder=\"0\" allowfullscreen=\"allowfullscreen\"><\/iframe><\/td>\n<\/tr>\n<\/tbody>\n<\/table>\n","protected":false},"excerpt":{"rendered":"<p>Manual para el uso de drones y fotogrametr\u00eda digital para la caracterizaci\u00f3n y monitoreo de ecosistemas costeros Avances en la gobernanza de las \u00e1reas naturales protegidas en el Golfo de M\u00e9xico Foto: Rodolfo Rioja UNAM crea proyecto para la conservacio\u0301n de la costa en la Peni\u0301nsula de Yucata\u0301n UNAM Global<\/p>\n","protected":false},"author":3,"featured_media":0,"parent":0,"menu_order":0,"comment_status":"closed","ping_status":"closed","template":"","meta":{"footnotes":""},"class_list":["post-8","page","type-page","status-publish","hentry"],"_links":{"self":[{"href":"https:\/\/analisisespacial.pcyt.unam.mx\/index.php\/wp-json\/wp\/v2\/pages\/8","targetHints":{"allow":["GET"]}}],"collection":[{"href":"https:\/\/analisisespacial.pcyt.unam.mx\/index.php\/wp-json\/wp\/v2\/pages"}],"about":[{"href":"https:\/\/analisisespacial.pcyt.unam.mx\/index.php\/wp-json\/wp\/v2\/types\/page"}],"author":[{"embeddable":true,"href":"https:\/\/analisisespacial.pcyt.unam.mx\/index.php\/wp-json\/wp\/v2\/users\/3"}],"replies":[{"embeddable":true,"href":"https:\/\/analisisespacial.pcyt.unam.mx\/index.php\/wp-json\/wp\/v2\/comments?post=8"}],"version-history":[{"count":20,"href":"https:\/\/analisisespacial.pcyt.unam.mx\/index.php\/wp-json\/wp\/v2\/pages\/8\/revisions"}],"predecessor-version":[{"id":588,"href":"https:\/\/analisisespacial.pcyt.unam.mx\/index.php\/wp-json\/wp\/v2\/pages\/8\/revisions\/588"}],"wp:attachment":[{"href":"https:\/\/analisisespacial.pcyt.unam.mx\/index.php\/wp-json\/wp\/v2\/media?parent=8"}],"curies":[{"name":"wp","href":"https:\/\/api.w.org\/{rel}","templated":true}]}}