{"id":7,"date":"2017-02-13T18:56:20","date_gmt":"2017-02-13T18:56:20","guid":{"rendered":"http:\/\/analisisespacial.pcyt.unam.mx\/?page_id=7"},"modified":"2017-05-03T19:04:50","modified_gmt":"2017-05-03T19:04:50","slug":"inicio","status":"publish","type":"page","link":"https:\/\/analisisespacial.pcyt.unam.mx\/","title":{"rendered":"Inicio"},"content":{"rendered":"<p style=\"text-align: justify;\"><img loading=\"lazy\" decoding=\"async\" class=\"alignnone size-full wp-image-272\" src=\"https:\/\/analisisespacial.pcyt.unam.mx\/wp-content\/uploads\/2017\/02\/logoCOSTALAB1A.jpg\" alt=\"\" width=\"454\" height=\"170\" srcset=\"https:\/\/analisisespacial.pcyt.unam.mx\/cms\/wp-content\/uploads\/2017\/02\/logoCOSTALAB1A.jpg 454w, https:\/\/analisisespacial.pcyt.unam.mx\/cms\/wp-content\/uploads\/2017\/02\/logoCOSTALAB1A-300x112.jpg 300w\" sizes=\"auto, (max-width: 454px) 100vw, 454px\" \/><\/p>\n<p style=\"text-align: justify;\">En el Laboratorio de An\u00e1lisis Espacial de Zonas Costeras (COSTALAB), tenemos como objetivo generar conocimiento espacialmente expl\u00edcito mediante el uso de tecnolog\u00eda, herramientas y m\u00e9todos de vanguardia que permitan determinar el estado de los ecosistemas costeros y su variaci\u00f3n como consecuencia de las perturbaciones naturales y antropog\u00e9nicas.<\/p>\n","protected":false},"excerpt":{"rendered":"<p>En el Laboratorio de An\u00e1lisis Espacial de Zonas Costeras (COSTALAB), tenemos como objetivo generar conocimiento espacialmente expl\u00edcito mediante el uso de tecnolog\u00eda, herramientas y m\u00e9todos de vanguardia que permitan determinar el estado de los ecosistemas costeros y su variaci\u00f3n como consecuencia de las perturbaciones naturales y antropog\u00e9nicas.<\/p>\n","protected":false},"author":1,"featured_media":0,"parent":0,"menu_order":0,"comment_status":"closed","ping_status":"closed","template":"","meta":{"footnotes":""},"class_list":["post-7","page","type-page","status-publish","hentry"],"_links":{"self":[{"href":"https:\/\/analisisespacial.pcyt.unam.mx\/index.php\/wp-json\/wp\/v2\/pages\/7","targetHints":{"allow":["GET"]}}],"collection":[{"href":"https:\/\/analisisespacial.pcyt.unam.mx\/index.php\/wp-json\/wp\/v2\/pages"}],"about":[{"href":"https:\/\/analisisespacial.pcyt.unam.mx\/index.php\/wp-json\/wp\/v2\/types\/page"}],"author":[{"embeddable":true,"href":"https:\/\/analisisespacial.pcyt.unam.mx\/index.php\/wp-json\/wp\/v2\/users\/1"}],"replies":[{"embeddable":true,"href":"https:\/\/analisisespacial.pcyt.unam.mx\/index.php\/wp-json\/wp\/v2\/comments?post=7"}],"version-history":[{"count":9,"href":"https:\/\/analisisespacial.pcyt.unam.mx\/index.php\/wp-json\/wp\/v2\/pages\/7\/revisions"}],"predecessor-version":[{"id":273,"href":"https:\/\/analisisespacial.pcyt.unam.mx\/index.php\/wp-json\/wp\/v2\/pages\/7\/revisions\/273"}],"wp:attachment":[{"href":"https:\/\/analisisespacial.pcyt.unam.mx\/index.php\/wp-json\/wp\/v2\/media?parent=7"}],"curies":[{"name":"wp","href":"https:\/\/api.w.org\/{rel}","templated":true}]}}