{"id":523,"date":"2025-04-08T11:17:56","date_gmt":"2025-04-08T17:17:56","guid":{"rendered":"https:\/\/analisisespacial.pcyt.unam.mx\/?page_id=523"},"modified":"2025-04-08T11:24:49","modified_gmt":"2025-04-08T17:24:49","slug":"roberto-c-hernandez-landa","status":"publish","type":"page","link":"https:\/\/analisisespacial.pcyt.unam.mx\/index.php\/roberto-c-hernandez-landa\/","title":{"rendered":"Roberto C Hern\u00e1ndez Landa"},"content":{"rendered":"<table width=\"657\">\n<tbody>\n<tr>\n<td><img loading=\"lazy\" decoding=\"async\" class=\"alignnone size-medium wp-image-525\" src=\"\/cms\/wp-content\/uploads\/2025\/04\/RobertoHendz-266x300.jpeg\" alt=\"RobertoHendz\" width=\"266\" height=\"300\" srcset=\"https:\/\/analisisespacial.pcyt.unam.mx\/cms\/wp-content\/uploads\/2025\/04\/RobertoHendz-266x300.jpeg 266w, https:\/\/analisisespacial.pcyt.unam.mx\/cms\/wp-content\/uploads\/2025\/04\/RobertoHendz.jpeg 355w\" sizes=\"auto, (max-width: 266px) 100vw, 266px\" \/><\/p>\n<p>Dr. Roberto C Hern\u00e1ndez Landa<br \/>\nCorreo: roberto.hdz@enesmerida.unam.mx<\/td>\n<\/tr>\n<tr>\n<td colspan=\"2\"><strong>Semblanza<\/strong><\/p>\n<p>Doctor en Ciencias Marinas (Cinvestav-M\u00e9rida).<br \/>\nMaestr\u00eda en Biolog\u00eda Marina por el Cinvestav unidad M\u00e9rida-IPN<br \/>\nMaster Gesti\u00f3n de espacios protegidos- Universidad Aut\u00f3noma de Madrid, Espa\u00f1a<br \/>\nLic. en Biolog\u00eda por la UNAM<\/p>\n<p>Actualmente, T\u00e9cnico Acad\u00e9mico Asoc. C de TC (ENES unidad M\u00e9rida) y Coordinador del \u00c1rea de Pr\u00e1cticas de Campo. Su \u00e1rea de inter\u00e9s es la distribuci\u00f3n espacio-temporal y funcionamiento de comunidades arrecifales (principalmente de peces y corales). Cambio de fase en arrecifes de coral. Evaluaci\u00f3n y monitoreo de estado de condici\u00f3n arrecifal con protocolos tradicionales de muestreo y actualmente aplicando t\u00e9cnicas de fotogrametr\u00eda digital submarina. Es buzo desde hace 25 a\u00f1os y desde el 2010 es instructor de buceo de la agencia PADI. Ha impartido m\u00e1s de 40 cursos desde nivel b\u00e1sico hasta profesional donde certificado a aproximadamente 400 buzos, principalmente a alumnos de diferentes Instituciones educativas del Estado, posgrado Cinvestav, Lic. Biolog\u00eda marina CCBA-UADY, UMDI-Sisal, UNAM, y ENES-M\u00e9rida.<\/td>\n<\/tr>\n<\/tbody>\n<\/table>\n","protected":false},"excerpt":{"rendered":"<p>Dr. Roberto C Hern\u00e1ndez Landa Correo: roberto.hdz@enesmerida.unam.mx Semblanza Doctor en Ciencias Marinas (Cinvestav-M\u00e9rida). Maestr\u00eda en Biolog\u00eda Marina por el Cinvestav unidad M\u00e9rida-IPN Master Gesti\u00f3n de espacios protegidos- Universidad Aut\u00f3noma de Madrid, Espa\u00f1a Lic. en Biolog\u00eda por la UNAM Actualmente, T\u00e9cnico Acad\u00e9mico Asoc. C de TC (ENES unidad M\u00e9rida) y Coordinador del \u00c1rea de Pr\u00e1cticas de &hellip; <\/p>\n<p class=\"link-more\"><a href=\"https:\/\/analisisespacial.pcyt.unam.mx\/index.php\/roberto-c-hernandez-landa\/\" class=\"more-link\">Continuar leyendo<span class=\"screen-reader-text\"> \u00abRoberto C Hern\u00e1ndez Landa\u00bb<\/span><\/a><\/p>\n","protected":false},"author":3,"featured_media":0,"parent":0,"menu_order":0,"comment_status":"closed","ping_status":"closed","template":"","meta":{"footnotes":""},"class_list":["post-523","page","type-page","status-publish","hentry"],"_links":{"self":[{"href":"https:\/\/analisisespacial.pcyt.unam.mx\/index.php\/wp-json\/wp\/v2\/pages\/523","targetHints":{"allow":["GET"]}}],"collection":[{"href":"https:\/\/analisisespacial.pcyt.unam.mx\/index.php\/wp-json\/wp\/v2\/pages"}],"about":[{"href":"https:\/\/analisisespacial.pcyt.unam.mx\/index.php\/wp-json\/wp\/v2\/types\/page"}],"author":[{"embeddable":true,"href":"https:\/\/analisisespacial.pcyt.unam.mx\/index.php\/wp-json\/wp\/v2\/users\/3"}],"replies":[{"embeddable":true,"href":"https:\/\/analisisespacial.pcyt.unam.mx\/index.php\/wp-json\/wp\/v2\/comments?post=523"}],"version-history":[{"count":4,"href":"https:\/\/analisisespacial.pcyt.unam.mx\/index.php\/wp-json\/wp\/v2\/pages\/523\/revisions"}],"predecessor-version":[{"id":530,"href":"https:\/\/analisisespacial.pcyt.unam.mx\/index.php\/wp-json\/wp\/v2\/pages\/523\/revisions\/530"}],"wp:attachment":[{"href":"https:\/\/analisisespacial.pcyt.unam.mx\/index.php\/wp-json\/wp\/v2\/media?parent=523"}],"curies":[{"name":"wp","href":"https:\/\/api.w.org\/{rel}","templated":true}]}}