{"id":469,"date":"2025-03-31T09:44:35","date_gmt":"2025-03-31T15:44:35","guid":{"rendered":"https:\/\/analisisespacial.pcyt.unam.mx\/?page_id=469"},"modified":"2025-03-31T09:56:13","modified_gmt":"2025-03-31T15:56:13","slug":"erick-barrera-falcon","status":"publish","type":"page","link":"https:\/\/analisisespacial.pcyt.unam.mx\/index.php\/erick-barrera-falcon\/","title":{"rendered":"Dr. Erick Barrera Falc\u00f3n"},"content":{"rendered":"<table width=\"657\">\n<tbody>\n<tr>\n<td><img loading=\"lazy\" decoding=\"async\" class=\"alignnone size-medium wp-image-471\" src=\"\/cms\/wp-content\/uploads\/2025\/03\/WhatsApp-Image-2025-03-28-at-1.30.09-PM-222x300.jpeg\" alt=\"Erick Barrera Falc\u00f3n\" width=\"222\" height=\"300\" srcset=\"https:\/\/analisisespacial.pcyt.unam.mx\/cms\/wp-content\/uploads\/2025\/03\/WhatsApp-Image-2025-03-28-at-1.30.09-PM-222x300.jpeg 222w, https:\/\/analisisespacial.pcyt.unam.mx\/cms\/wp-content\/uploads\/2025\/03\/WhatsApp-Image-2025-03-28-at-1.30.09-PM.jpeg 473w\" sizes=\"auto, (max-width: 222px) 100vw, 222px\" \/><\/td>\n<\/tr>\n<tr>\n<td colspan=\"2\"><strong>Semblanza<\/strong><\/p>\n<p>Erick Barrera Falc\u00f3n curs\u00f3 estudios de licenciatura en Manejo Sustentable de Zonas Costeras en la Facultad de Ciencias, Universidad Nacional Aut\u00f3noma de M\u00e9xico (UNAM), el diplomado en Gesti\u00f3n y Administraci\u00f3n de Redes Empresariales en la Facultad de Matem\u00e1ticas, Universidad Aut\u00f3noma de Yucat\u00e1n (UADY), la Especialidad en Geom\u00e1tica en el Centro de Investigaci\u00f3n en Ciencias de Informaci\u00f3n Geoespacial (CENTROGEO), la Maestr\u00eda y Doctorado en Ciencias del Mar y Limnolog\u00eda en la UNAM. Ha colaborado en distintos proyectos con financiamiento para proyectos de investigaci\u00f3n y de servicios, financiados por el CONACyT, PAPIIT y la iniciativa privada. En los trabajos publicados y colaboraci\u00f3n de proyectos, se puede observar el desarrollo de la l\u00ednea de investigaci\u00f3n en la ecolog\u00eda y conservaci\u00f3n de ambientes costeros (manglares, arrecifes de coral) mediante la aplicaci\u00f3n de tecnolog\u00edas de la informaci\u00f3n, percepci\u00f3n remota, sistemas de informaci\u00f3n geogr\u00e1fica e inteligencia artificial en el estudio del cambio marino costero. Desde 2015 ha participaci\u00f3n como profesor de asignatura en la Facultad de Ciencias UNAM. Es miembro del Sistema Nacional de Investigadores e Investigadoras con el nivel de candidato y actualmente se desempe\u00f1a como investigador posdoctoral por la Secretar\u00eda de Ciencia, Humanidades, Tecnolog\u00eda e Innovaci\u00f3n (SECITHI) en el Costalab.<\/td>\n<\/tr>\n<tr>\n<td colspan=\"2\"><strong>L\u00edneas de Investigaci\u00f3n<\/strong><\/p>\n<ol>\n<li style=\"list-style-type: none;\">\n<ol>\n<li style=\"list-style-type: none;\">\n<ol>\n<li>Uso de herramientas de inteligencia artificial en el an\u00e1lisis de ortomosaicos derivados de t\u00e9cnicas de fotogrametr\u00eda digital submarina.<\/li>\n<li>Inteligencia artificial para la clasificaci\u00f3n autom\u00e1tica en ambientes marinos costeros, sobre im\u00e1genes RGB y multiespectrales obtenidas de distintas fuentes como drones y sat\u00e9lites.<\/li>\n<li>Modelaci\u00f3n y derivaci\u00f3n de atributos ecol\u00f3gicos en sistemas marino-costeros mediante t\u00e9cnicas de fotogrametr\u00eda digital.<\/li>\n<\/ol>\n<\/li>\n<\/ol>\n<\/li>\n<\/ol>\n<\/td>\n<\/tr>\n<tr>\n<td colspan=\"2\"><strong>Publicaciones recientes<\/strong><\/p>\n<ol>\n<li style=\"list-style-type: none;\">\n<ol>\n<li style=\"list-style-type: none;\">\n<ol>\n<li>Barrera-Falcon, Erick; Rioja-Nieto, Rodolfo; Hern\u00e1ndez-Landa, Roberto C; Torres-Irineo, Edgar; ,\u00bbComparison of standard Caribbean coral reef monitoring protocols and underwater digital photogrammetry to characterize hard coral species composition, abundance and cover\u00bb,Frontiers in Marine Science,8,,722569,2021,Frontiers Media SA<\/li>\n<li>Hern\u00e1ndez-Landa, Roberto C; Barrera-Falcon, Erick; Rioja-Nieto, Rodolfo; size-frequency distribution of coral assemblages in insular shallow reefs of the Mexican Caribbean using underwater photogrammetry,PeerJ,8,,e8957,2020,PeerJ Inc.<\/li>\n<li>Rioja-Nieto, Rodolfo; Barrera-Falc\u00f3n, Eric; Torres-Irineo, Edgar; Mendoza-Gonz\u00e1lez, Gabriela; Cuervo-Robayo, Angela P;,\u00bbEnvironmental drivers of decadal change of a mangrove forest in the North coast of the Yucatan peninsula, Mexico\u00bb,Journal of Coastal Conservation,21,1,167-175,2017,Springer<\/li>\n<li><span style=\"font-family: inherit; font-size: inherit;\">Rioja-Nieto, Rodolfo; Barrera-Falc\u00f3n, Erick; Hinojosa-Arango, Gustavo; Riosmena-Rodr\u00edguez, Rafael;\u00bbBenthic habitat \u03b2-diversity modeling and landscape metrics for the selection of priority conservation areas using a systematic approach: Magdalena Bay, Mexico, as a case study\u00bb,Ocean &amp; coastal management,82,,95-103,2013,Elsevier<\/span><\/li>\n<\/ol>\n<\/li>\n<\/ol>\n<\/li>\n<\/ol>\n<\/td>\n<\/tr>\n<\/tbody>\n<\/table>\n","protected":false},"excerpt":{"rendered":"<p>Semblanza Erick Barrera Falc\u00f3n curs\u00f3 estudios de licenciatura en Manejo Sustentable de Zonas Costeras en la Facultad de Ciencias, Universidad Nacional Aut\u00f3noma de M\u00e9xico (UNAM), el diplomado en Gesti\u00f3n y Administraci\u00f3n de Redes Empresariales en la Facultad de Matem\u00e1ticas, Universidad Aut\u00f3noma de Yucat\u00e1n (UADY), la Especialidad en Geom\u00e1tica en el Centro de Investigaci\u00f3n en Ciencias &hellip; <\/p>\n<p class=\"link-more\"><a href=\"https:\/\/analisisespacial.pcyt.unam.mx\/index.php\/erick-barrera-falcon\/\" class=\"more-link\">Continuar leyendo<span class=\"screen-reader-text\"> \u00abDr. Erick Barrera Falc\u00f3n\u00bb<\/span><\/a><\/p>\n","protected":false},"author":3,"featured_media":0,"parent":0,"menu_order":0,"comment_status":"closed","ping_status":"closed","template":"","meta":{"footnotes":""},"class_list":["post-469","page","type-page","status-publish","hentry"],"_links":{"self":[{"href":"https:\/\/analisisespacial.pcyt.unam.mx\/index.php\/wp-json\/wp\/v2\/pages\/469","targetHints":{"allow":["GET"]}}],"collection":[{"href":"https:\/\/analisisespacial.pcyt.unam.mx\/index.php\/wp-json\/wp\/v2\/pages"}],"about":[{"href":"https:\/\/analisisespacial.pcyt.unam.mx\/index.php\/wp-json\/wp\/v2\/types\/page"}],"author":[{"embeddable":true,"href":"https:\/\/analisisespacial.pcyt.unam.mx\/index.php\/wp-json\/wp\/v2\/users\/3"}],"replies":[{"embeddable":true,"href":"https:\/\/analisisespacial.pcyt.unam.mx\/index.php\/wp-json\/wp\/v2\/comments?post=469"}],"version-history":[{"count":4,"href":"https:\/\/analisisespacial.pcyt.unam.mx\/index.php\/wp-json\/wp\/v2\/pages\/469\/revisions"}],"predecessor-version":[{"id":480,"href":"https:\/\/analisisespacial.pcyt.unam.mx\/index.php\/wp-json\/wp\/v2\/pages\/469\/revisions\/480"}],"wp:attachment":[{"href":"https:\/\/analisisespacial.pcyt.unam.mx\/index.php\/wp-json\/wp\/v2\/media?parent=469"}],"curies":[{"name":"wp","href":"https:\/\/api.w.org\/{rel}","templated":true}]}}