{"id":163,"date":"2017-02-28T19:42:16","date_gmt":"2017-02-28T19:42:16","guid":{"rendered":"http:\/\/analisisespacial.pcyt.unam.mx\/?page_id=163"},"modified":"2017-03-01T21:12:40","modified_gmt":"2017-03-01T21:12:40","slug":"servicios","status":"publish","type":"page","link":"https:\/\/analisisespacial.pcyt.unam.mx\/index.php\/servicios\/","title":{"rendered":"Servicios"},"content":{"rendered":"<ul>\n<li>Caracterizaci\u00f3n y monitoreo de ecosistemas costeros.<\/li>\n<li>Construcci\u00f3n de mapas tem\u00e1ticos mediante el an\u00e1lisis de sensores remotos.<\/li>\n<li>Fotograf\u00eda a\u00e9rea multiespectral y de alta resoluci\u00f3n mediante el uso de VANT.<\/li>\n<li>Generaci\u00f3n de ortomosaicos y modelos digitales de elevaci\u00f3n.<\/li>\n<li>Formaci\u00f3n de Recursos Humanos en el uso de SIG y sensores remotos para el estudio de los sistemas costeros.<\/li>\n<\/ul>\n","protected":false},"excerpt":{"rendered":"<p>Caracterizaci\u00f3n y monitoreo de ecosistemas costeros. Construcci\u00f3n de mapas tem\u00e1ticos mediante el an\u00e1lisis de sensores remotos. Fotograf\u00eda a\u00e9rea multiespectral y de alta resoluci\u00f3n mediante el uso de VANT. Generaci\u00f3n de ortomosaicos y modelos digitales de elevaci\u00f3n. Formaci\u00f3n de Recursos Humanos en el uso de SIG y sensores remotos para el estudio de los sistemas costeros.<\/p>\n","protected":false},"author":1,"featured_media":196,"parent":0,"menu_order":0,"comment_status":"closed","ping_status":"closed","template":"","meta":{"footnotes":""},"class_list":["post-163","page","type-page","status-publish","has-post-thumbnail","hentry"],"_links":{"self":[{"href":"https:\/\/analisisespacial.pcyt.unam.mx\/index.php\/wp-json\/wp\/v2\/pages\/163","targetHints":{"allow":["GET"]}}],"collection":[{"href":"https:\/\/analisisespacial.pcyt.unam.mx\/index.php\/wp-json\/wp\/v2\/pages"}],"about":[{"href":"https:\/\/analisisespacial.pcyt.unam.mx\/index.php\/wp-json\/wp\/v2\/types\/page"}],"author":[{"embeddable":true,"href":"https:\/\/analisisespacial.pcyt.unam.mx\/index.php\/wp-json\/wp\/v2\/users\/1"}],"replies":[{"embeddable":true,"href":"https:\/\/analisisespacial.pcyt.unam.mx\/index.php\/wp-json\/wp\/v2\/comments?post=163"}],"version-history":[{"count":12,"href":"https:\/\/analisisespacial.pcyt.unam.mx\/index.php\/wp-json\/wp\/v2\/pages\/163\/revisions"}],"predecessor-version":[{"id":224,"href":"https:\/\/analisisespacial.pcyt.unam.mx\/index.php\/wp-json\/wp\/v2\/pages\/163\/revisions\/224"}],"wp:featuredmedia":[{"embeddable":true,"href":"https:\/\/analisisespacial.pcyt.unam.mx\/index.php\/wp-json\/wp\/v2\/media\/196"}],"wp:attachment":[{"href":"https:\/\/analisisespacial.pcyt.unam.mx\/index.php\/wp-json\/wp\/v2\/media?parent=163"}],"curies":[{"name":"wp","href":"https:\/\/api.w.org\/{rel}","templated":true}]}}