{"id":11,"date":"2017-02-13T18:56:20","date_gmt":"2017-02-13T18:56:20","guid":{"rendered":"http:\/\/analisisespacial.pcyt.unam.mx\/?page_id=11"},"modified":"2025-04-10T12:35:17","modified_gmt":"2025-04-10T18:35:17","slug":"quienesomos","status":"publish","type":"page","link":"https:\/\/analisisespacial.pcyt.unam.mx\/index.php\/quienesomos\/","title":{"rendered":"Nosotros"},"content":{"rendered":"\r\n<p class=\"is-layout-flex wp-container-core-columns-is-layout-9d6595d7 wp-block-columns-is-layout-flex\">&nbsp;<\/p>\r\n<table style=\"height: 327px;\" width=\"583\">\r\n<tbody>\r\n<tr>\r\n<td><img loading=\"lazy\" decoding=\"async\" class=\"alignnone size-full wp-image-558\" src=\"\/cms\/wp-content\/uploads\/2025\/04\/RodolfoRioja2.jpeg\" alt=\"Rodolfo Rioja\" width=\"220\" height=\"206\" \/><\/td>\r\n<td><a href=\"https:\/\/analisisespacial.pcyt.unam.mx\/index.php\/rrioja-2\/\">Dr. Rodolfo Rioja Nieto<\/a> <br \/><strong>Responsable del COSTALAB<\/strong><\/td>\r\n<\/tr>\r\n<tr>\r\n<td><img loading=\"lazy\" decoding=\"async\" class=\"alignnone  wp-image-525\" src=\"\/cms\/wp-content\/uploads\/2025\/04\/RobertoHendz-266x300.jpeg\" alt=\"RobertoHendz\" width=\"127\" height=\"143\" srcset=\"https:\/\/analisisespacial.pcyt.unam.mx\/cms\/wp-content\/uploads\/2025\/04\/RobertoHendz-266x300.jpeg 266w, https:\/\/analisisespacial.pcyt.unam.mx\/cms\/wp-content\/uploads\/2025\/04\/RobertoHendz.jpeg 355w\" sizes=\"auto, (max-width: 127px) 100vw, 127px\" \/><\/td>\r\n<td><a href=\"https:\/\/analisisespacial.pcyt.unam.mx\/index.php\/roberto-c-hernandez-landa\/\">Dr. Roberto C Hern\u00e1ndez Landa<\/a> <br \/><strong>T\u00e9cnico Acad\u00e9mico<\/strong><\/td>\r\n<\/tr>\r\n<tr>\r\n<td><img loading=\"lazy\" decoding=\"async\" class=\" wp-image-471\" src=\"\/cms\/\/wp-content\/uploads\/2025\/03\/WhatsApp-Image-2025-03-28-at-1.30.09-PM-222x300.jpeg\" alt=\"Erick Barrera Falc\u00f3n\" width=\"125\" height=\"169\" srcset=\"https:\/\/analisisespacial.pcyt.unam.mx\/cms\/wp-content\/uploads\/2025\/03\/WhatsApp-Image-2025-03-28-at-1.30.09-PM-222x300.jpeg 222w, https:\/\/analisisespacial.pcyt.unam.mx\/cms\/wp-content\/uploads\/2025\/03\/WhatsApp-Image-2025-03-28-at-1.30.09-PM.jpeg 473w\" sizes=\"auto, (max-width: 125px) 100vw, 125px\" \/><\/td>\r\n<td><a href=\"https:\/\/analisisespacial.pcyt.unam.mx\/index.php\/erick-barrera-falcon\/\">Dr. Erick Barrera Falc\u00f3n<\/a> <br \/><strong>Posdoctorante<\/strong><\/td>\r\n<\/tr>\r\n<tr>\r\n<td>\r\n<p><img loading=\"lazy\" decoding=\"async\" class=\" wp-image-477\" src=\"\/cms\/wp-content\/uploads\/2025\/03\/FranciscoGuerra-300x300.jpeg\" alt=\"Francisco Guerra Mart\u00ednez\" width=\"146\" height=\"146\" srcset=\"https:\/\/analisisespacial.pcyt.unam.mx\/cms\/wp-content\/uploads\/2025\/03\/FranciscoGuerra-300x300.jpeg 300w, https:\/\/analisisespacial.pcyt.unam.mx\/cms\/wp-content\/uploads\/2025\/03\/FranciscoGuerra-150x150.jpeg 150w, https:\/\/analisisespacial.pcyt.unam.mx\/cms\/wp-content\/uploads\/2025\/03\/FranciscoGuerra-100x100.jpeg 100w, https:\/\/analisisespacial.pcyt.unam.mx\/cms\/wp-content\/uploads\/2025\/03\/FranciscoGuerra.jpeg 480w\" sizes=\"auto, (max-width: 146px) 100vw, 146px\" \/><\/p>\r\n<\/td>\r\n<td><a href=\"https:\/\/analisisespacial.pcyt.unam.mx\/index.php\/francisco-guerra-martinez\/\">Dr. Francisco Guerra Mart\u00ednez<\/a> <br \/><strong>Posdoctorante<\/strong><\/td>\r\n<\/tr>\r\n<tr>\r\n<td><img loading=\"lazy\" decoding=\"async\" class=\"alignnone  wp-image-379\" src=\"\/cms\/wp-content\/uploads\/2024\/06\/carloscruz.jpg\" alt=\"\" width=\"140\" height=\"147\" \/><\/td>\r\n<td><a href=\"https:\/\/analisisespacial.pcyt.unam.mx\/index.php\/m-en-c-carlos-cruz-vazquez\/\">M. en C. Carlos Cruz V\u00e1zquez<\/a> <br \/><strong>T\u00e9cnico Acad\u00e9mico<\/strong><\/td>\r\n<\/tr>\r\n<tr>\r\n<td colspan=\"2\">\r\n<p><br \/><b>Estudiantes en proceso<\/b><\/p>\r\n<table style=\"height: 327px;\" width=\"583\">\r\n<tbody>\r\n<tr>\r\n<td><b>Maria Ximena Vega Maguey (Licenciatura). <\/b><br \/>Caracterizaci\u00f3n de grupos morfofuncionales de esponjas en el Parque Nacional Arrecifes de Cozumel.<\/td>\r\n<td>\u00a0<\/td>\r\n<\/tr>\r\n<tr>\r\n<td><b>Ernesto Medrano Pe\u00f1a (Licenciatura). <\/b><br \/>Evaluaci\u00f3n morfom\u00e9trica de corales hermat\u00edpicos a trav\u00e9s de t\u00e9cnicas de fotogrametr\u00eda digital.<\/td>\r\n<td><img loading=\"lazy\" decoding=\"async\" class=\"alignnone size-full wp-image-564\" src=\"\/cms\/wp-content\/uploads\/2025\/04\/ErnestoMedrano.jpeg\" alt=\"Ernesto Medrano\" width=\"180\" height=\"210\" \/><\/td>\r\n<\/tr>\r\n<tr>\r\n<td><strong><b>Bruno Cruz S\u00e1nchez (Licenciatura). <\/b><\/strong><br \/>Caracterizaci\u00f3n e identificaci\u00f3n de colonias de coral en arrecifes del golfo de M\u00e9xico mediante algoritmos e inteligencia artificial.<\/td>\r\n<td width=\"200\"><img loading=\"lazy\" decoding=\"async\" class=\"alignnone size-full wp-image-531\" src=\"\/cms\/wp-content\/uploads\/2025\/04\/BrunoCruz.jpeg\" alt=\"Bruno cruz\" width=\"180\" height=\"201\" \/><\/td>\r\n<\/tr>\r\n<tr>\r\n<td><b>Wendy Chantal Josento Garcia (Licenciatura).<\/b><br \/>Crecimiento urbano-costero en la pen\u00ednsula de Yucat\u00e1n en el periodo 1987-2024.<\/td>\r\n<td><img loading=\"lazy\" decoding=\"async\" class=\"alignnone size-full wp-image-534\" src=\"\/cms\/wp-content\/uploads\/2025\/04\/WendyJosento.jpeg\" alt=\"Wendy\" width=\"180\" height=\"194\" \/><\/td>\r\n<\/tr>\r\n<tr>\r\n<td><b>Iara Arreola Valadez (Licenciatura).<\/b><br \/>Uso de fotogrametria digital submarina en la caracterizaci\u00f3n de la comunidad coralina.<\/td>\r\n<td><img loading=\"lazy\" decoding=\"async\" class=\"alignnone size-full wp-image-544\" src=\"\/cms\/wp-content\/uploads\/2025\/04\/LaraArreola.jpeg\" alt=\"Iara Arreola\" width=\"180\" height=\"135\" \/><\/td>\r\n<\/tr>\r\n<tr>\r\n<td><b>Nazly Carolina Ochoa Larios (Lincenciatura).<\/b><br \/>Determinaci\u00f3n del tama\u00f1o m\u00ednimo de muestra para la caracterizaci\u00f3n de corales hermat\u00edpicos en arrecifes del golfo de M\u00e9xico mediante m\u00e9todos de fotogrametr\u00eda digital submarina.<\/td>\r\n<td>\u00a0<\/td>\r\n<\/tr>\r\n<tr>\r\n<td><b>Alder Luis Le\u00f3n Brito (Maestr\u00eda). <\/b><br \/>Variaci\u00f3n espacio-temporal de comunidades de corales escleractinios mediante fotogrametr\u00eda subacu\u00e1tica, en Cayo Arenas, Golfo de M\u00e9xico.<\/td>\r\n<td>\u00a0<\/td>\r\n<\/tr>\r\n<tr>\r\n<td><b>Juan Emanuel Fr\u00edas Vega (Maestr\u00eda). <\/b><br \/>Caracterizaci\u00f3n del paisaje y priorizaci\u00f3n sistem\u00e1tica del sistema bent\u00f3nico arrecifal de Cayo Arenas.<\/td>\r\n<td><img loading=\"lazy\" decoding=\"async\" class=\"alignnone size-full wp-image-533\" src=\"\/cms\/wp-content\/uploads\/2025\/04\/JuanFrias.jpeg\" alt=\"Juan Frias\" width=\"180\" height=\"184\" \/><\/td>\r\n<\/tr>\r\n<tr>\r\n<td><b>Iran Vanessa Cano Orozco (Maestr\u00eda)<\/b>.<br \/>Estructura y demograf\u00eda de la comunidad de corales escleract\u00edneos en arrecifes de Cayo Arenas, Campeche.<\/td>\r\n<td><img loading=\"lazy\" decoding=\"async\" class=\"alignnone size-full wp-image-532\" src=\"\/cms\/wp-content\/uploads\/2025\/04\/VanesaCano.jpeg\" alt=\"Vanessa cano\" width=\"180\" height=\"184\" \/><\/td>\r\n<\/tr>\r\n<tr>\r\n<td><b>Daniela Montserrat Rojas Cano (Doctorado). <\/b><br \/>Efecto de atributos de las colonias y del paisaje bent\u00f3nico arrecifal en los patrones espaciales de expresi\u00f3n gen\u00e9tica asociada a perturbaci\u00f3n t\u00e9rmica y antropog\u00e9nica en un sistema arrecifal remoto del Golfo de M\u00e9xico.<\/td>\r\n<td><img loading=\"lazy\" decoding=\"async\" class=\"alignnone size-full wp-image-537\" src=\"\/cms\/wp-content\/uploads\/2025\/04\/DanielaRojas.jpeg\" alt=\"Daniela Rojas\" width=\"180\" height=\"208\" \/><\/td>\r\n<\/tr>\r\n<tr>\r\n<td><b>Laura Ang\u00e9lica Ni\u00f1o Torres (Doctorado).<\/b> <br \/>Variaci\u00f3n espaciotemporal de las caracter\u00edsticas hiperespectrales en especies de corales hermat\u00edpicos y su relaci\u00f3n con el g\u00e9nero de simbiontes y factores ambientales en un arrecife del Caribe Mexicano.<\/td>\r\n<td><img loading=\"lazy\" decoding=\"async\" class=\"alignnone size-full wp-image-554\" src=\"https:\/\/analisisespacial.pcyt.unam.mx\/cms\/wp-content\/uploads\/2025\/04\/LauraNinio.jpeg\" alt=\"Laura ni\u00f1o\" width=\"180\" height=\"184\" \/><\/td>\r\n<\/tr>\r\n<\/tbody>\r\n<\/table>\r\n\r\n\r\n\r\n<p>&nbsp;<\/p>\r\n\r\n<p>&nbsp;<\/p>\r\n<!-- \/wp:post-content -->\r\n<p>&nbsp;<\/p>\r\n<!-- \/wp:column -->\r\n<p>&nbsp;<\/p>\r\n<!-- \/wp:columns --><\/td>\r\n<\/tr>\r\n<\/tbody>\r\n<\/table>","protected":false},"excerpt":{"rendered":"<p>&nbsp; Dr. Rodolfo Rioja Nieto Responsable del COSTALAB Dr. Roberto C Hern\u00e1ndez Landa T\u00e9cnico Acad\u00e9mico Dr. Erick Barrera Falc\u00f3n Posdoctorante Dr. Francisco Guerra Mart\u00ednez Posdoctorante M. en C. Carlos Cruz V\u00e1zquez T\u00e9cnico Acad\u00e9mico Estudiantes en proceso Maria Ximena Vega Maguey (Licenciatura). Caracterizaci\u00f3n de grupos morfofuncionales de esponjas en el Parque Nacional Arrecifes de Cozumel. \u00a0 &hellip; <\/p>\n<p class=\"link-more\"><a href=\"https:\/\/analisisespacial.pcyt.unam.mx\/index.php\/quienesomos\/\" class=\"more-link\">Continuar leyendo<span class=\"screen-reader-text\"> \u00abNosotros\u00bb<\/span><\/a><\/p>\n","protected":false},"author":1,"featured_media":0,"parent":0,"menu_order":0,"comment_status":"closed","ping_status":"closed","template":"","meta":{"footnotes":""},"class_list":["post-11","page","type-page","status-publish","hentry"],"_links":{"self":[{"href":"https:\/\/analisisespacial.pcyt.unam.mx\/index.php\/wp-json\/wp\/v2\/pages\/11","targetHints":{"allow":["GET"]}}],"collection":[{"href":"https:\/\/analisisespacial.pcyt.unam.mx\/index.php\/wp-json\/wp\/v2\/pages"}],"about":[{"href":"https:\/\/analisisespacial.pcyt.unam.mx\/index.php\/wp-json\/wp\/v2\/types\/page"}],"author":[{"embeddable":true,"href":"https:\/\/analisisespacial.pcyt.unam.mx\/index.php\/wp-json\/wp\/v2\/users\/1"}],"replies":[{"embeddable":true,"href":"https:\/\/analisisespacial.pcyt.unam.mx\/index.php\/wp-json\/wp\/v2\/comments?post=11"}],"version-history":[{"count":79,"href":"https:\/\/analisisespacial.pcyt.unam.mx\/index.php\/wp-json\/wp\/v2\/pages\/11\/revisions"}],"predecessor-version":[{"id":573,"href":"https:\/\/analisisespacial.pcyt.unam.mx\/index.php\/wp-json\/wp\/v2\/pages\/11\/revisions\/573"}],"wp:attachment":[{"href":"https:\/\/analisisespacial.pcyt.unam.mx\/index.php\/wp-json\/wp\/v2\/media?parent=11"}],"curies":[{"name":"wp","href":"https:\/\/api.w.org\/{rel}","templated":true}]}}